{"id":2016,"date":"2017-11-09T12:08:42","date_gmt":"2017-11-09T12:08:42","guid":{"rendered":"http:\/\/www.arisoftchile.com\/blog\/?page_id=2016"},"modified":"2017-11-09T12:08:42","modified_gmt":"2017-11-09T12:08:42","slug":"video-curso-licencia-b","status":"publish","type":"page","link":"https:\/\/www.arisoftchile.com\/blog\/video-curso-licencia-b\/","title":{"rendered":"Video Curso Licencia B"},"content":{"rendered":"<p align=\"justify\">Los contenidos de nuestro audiovisual est\u00e1n basados en el<strong>\u00a0Libro del Nuevo Conductor de Conaset<\/strong>.<br \/>\nEn 15 v\u00ed\u00addeos y un glosario encontrar\u00e1s todos los contenidos para estudiar la licencia B de la forma m\u00e1s f\u00e1cil y c\u00f3moda. No repruebes el examen de Conaset. En la plataforma online de Arisoft encontrar\u00e1s:<\/p>\n<p align=\"justify\">&#8211; M\u00e1s de 300 minutos de v\u00ed\u00addeo con todas las normas y leyes necesarias para aprender todo lo necesario para circular con seguridad y prepararte para la obtenci\u00f3n de la licencia de conducir. Nuestro audiovisual sigue fielmente el manual del nuevo conductor de Conaset. Podr\u00e1s visionar los videos por temas completos o ver los temas fraccionados escogiendo el contenido personalizado que m\u00e1s te interese aprender.<\/p>\n<p align=\"justify\"><strong>Temas incluidos<\/strong><\/p>\n<p align=\"justify\"><strong>&#8211; TEMA 01<\/strong>. El problema de los accidentes.<\/p>\n<p align=\"justify\"><strong>&#8211; TEMA 02<\/strong>. Funcionamiento del autom\u00f3vil.<\/p>\n<p align=\"justify\"><strong>&#8211; TEMA 03<\/strong>. Luces, energ\u00ed\u00ada y seguridad.<\/p>\n<p align=\"justify\"><strong>&#8211; TEMA 04<\/strong>. El individuo en el tr\u00e1nsito I.<\/p>\n<p align=\"justify\"><strong>&#8211; TEMA 05<\/strong>. El individuo en el tr\u00e1nsito II<\/p>\n<p align=\"justify\"><strong>&#8211; TEMA 06<\/strong>. El individuo en el tr\u00e1nsito III.<\/p>\n<p align=\"justify\"><strong>&#8211; TEMA 07<\/strong>. Usuarios vulnerables.<\/p>\n<p align=\"justify\"><strong>&#8211; TEMA 08<\/strong>. Normas de circulaci\u00f3n I.<\/p>\n<p align=\"justify\"><strong>&#8211; TEMA 09<\/strong>. Normas de circulaci\u00f3n II.<\/p>\n<p align=\"justify\"><strong>&#8211; TEMA 10<\/strong>. Normas de circulaci\u00f3n III.<\/p>\n<p align=\"justify\"><strong>&#8211; TEMA 11<\/strong>. Normas de circulaci\u00f3n IV.<\/p>\n<p align=\"justify\"><strong>&#8211; TEMA 12<\/strong>. Conducci\u00f3n en circunstancias especiales I.<\/p>\n<p align=\"justify\"><strong>&#8211; TEMA 13<\/strong>. Conducci\u00f3n en circunstancias especiales II.<\/p>\n<p align=\"justify\"><strong>&#8211; TEMA 14<\/strong>. Informaciones importantes.<\/p>\n<p align=\"justify\"><strong>&#8211; TEMA 15<\/strong>. Se\u00f1alizaci\u00f3n de tr\u00e1nsito.<\/p>\n<p align=\"justify\"><strong>&#8211; TEMA 16<\/strong>. Glosario.<\/p>\n","protected":false},"excerpt":{"rendered":"<p>Los contenidos de nuestro audiovisual est\u00e1n basados en el\u00a0Libro del Nuevo Conductor de Conaset. En 15 v\u00ed\u00addeos y un glosario encontrar\u00e1s todos los contenidos para estudiar la licencia B de la forma m\u00e1s f\u00e1cil y c\u00f3moda. No repruebes el examen&#8230; <a class=\"more-link\" href=\"https:\/\/www.arisoftchile.com\/blog\/video-curso-licencia-b\/\">Seguir leyendo &rarr;<\/a><\/p>\n","protected":false},"author":1,"featured_media":0,"parent":0,"menu_order":0,"comment_status":"open","ping_status":"closed","template":"","meta":{"footnotes":""},"class_list":["post-2016","page","type-page","status-publish","hentry"],"yoast_head":"<!-- This site is optimized with the Yoast SEO plugin v24.0 - https:\/\/yoast.com\/wordpress\/plugins\/seo\/ -->\n<title>Video Curso Licencia B - AriSoft Chile - Productos para escuelas de conductores<\/title>\n<meta name=\"robots\" content=\"index, follow, max-snippet:-1, max-image-preview:large, max-video-preview:-1\" \/>\n<link rel=\"canonical\" href=\"https:\/\/www.arisoftchile.com\/blog\/video-curso-licencia-b\/\" \/>\n<meta property=\"og:locale\" content=\"es_ES\" \/>\n<meta property=\"og:type\" content=\"article\" \/>\n<meta property=\"og:title\" content=\"Video Curso Licencia B - AriSoft Chile - Productos para escuelas de conductores\" \/>\n<meta property=\"og:description\" content=\"Los contenidos de nuestro audiovisual est\u00e1n basados en el\u00a0Libro del Nuevo Conductor de Conaset. En 15 v\u00ed\u00addeos y un glosario encontrar\u00e1s todos los contenidos para estudiar la licencia B de la forma m\u00e1s f\u00e1cil y c\u00f3moda. No repruebes el examen... Seguir leyendo &rarr;\" \/>\n<meta property=\"og:url\" content=\"https:\/\/www.arisoftchile.com\/blog\/video-curso-licencia-b\/\" \/>\n<meta property=\"og:site_name\" content=\"AriSoft Chile - Productos para escuelas de conductores\" \/>\n<meta name=\"twitter:label1\" content=\"Tiempo de lectura\" \/>\n\t<meta name=\"twitter:data1\" content=\"1 minuto\" \/>\n<script type=\"application\/ld+json\" class=\"yoast-schema-graph\">{\"@context\":\"https:\/\/schema.org\",\"@graph\":[{\"@type\":\"WebPage\",\"@id\":\"https:\/\/www.arisoftchile.com\/blog\/video-curso-licencia-b\/\",\"url\":\"https:\/\/www.arisoftchile.com\/blog\/video-curso-licencia-b\/\",\"name\":\"Video Curso Licencia B - AriSoft Chile - Productos para escuelas de conductores\",\"isPartOf\":{\"@id\":\"https:\/\/www.arisoftchile.com\/blog\/#website\"},\"datePublished\":\"2017-11-09T12:08:42+00:00\",\"dateModified\":\"2017-11-09T12:08:42+00:00\",\"breadcrumb\":{\"@id\":\"https:\/\/www.arisoftchile.com\/blog\/video-curso-licencia-b\/#breadcrumb\"},\"inLanguage\":\"es\",\"potentialAction\":[{\"@type\":\"ReadAction\",\"target\":[\"https:\/\/www.arisoftchile.com\/blog\/video-curso-licencia-b\/\"]}]},{\"@type\":\"BreadcrumbList\",\"@id\":\"https:\/\/www.arisoftchile.com\/blog\/video-curso-licencia-b\/#breadcrumb\",\"itemListElement\":[{\"@type\":\"ListItem\",\"position\":1,\"name\":\"Portada\",\"item\":\"https:\/\/www.arisoftchile.com\/blog\/\"},{\"@type\":\"ListItem\",\"position\":2,\"name\":\"Video Curso Licencia B\"}]},{\"@type\":\"WebSite\",\"@id\":\"https:\/\/www.arisoftchile.com\/blog\/#website\",\"url\":\"https:\/\/www.arisoftchile.com\/blog\/\",\"name\":\"AriSoft Chile - Productos para escuelas de conductores\",\"description\":\"Editorial de productos para escuelas de conductores\",\"potentialAction\":[{\"@type\":\"SearchAction\",\"target\":{\"@type\":\"EntryPoint\",\"urlTemplate\":\"https:\/\/www.arisoftchile.com\/blog\/?s={search_term_string}\"},\"query-input\":{\"@type\":\"PropertyValueSpecification\",\"valueRequired\":true,\"valueName\":\"search_term_string\"}}],\"inLanguage\":\"es\"}]}<\/script>\n<!-- \/ Yoast SEO plugin. -->","yoast_head_json":{"title":"Video Curso Licencia B - AriSoft Chile - Productos para escuelas de conductores","robots":{"index":"index","follow":"follow","max-snippet":"max-snippet:-1","max-image-preview":"max-image-preview:large","max-video-preview":"max-video-preview:-1"},"canonical":"https:\/\/www.arisoftchile.com\/blog\/video-curso-licencia-b\/","og_locale":"es_ES","og_type":"article","og_title":"Video Curso Licencia B - AriSoft Chile - Productos para escuelas de conductores","og_description":"Los contenidos de nuestro audiovisual est\u00e1n basados en el\u00a0Libro del Nuevo Conductor de Conaset. En 15 v\u00ed\u00addeos y un glosario encontrar\u00e1s todos los contenidos para estudiar la licencia B de la forma m\u00e1s f\u00e1cil y c\u00f3moda. No repruebes el examen... Seguir leyendo &rarr;","og_url":"https:\/\/www.arisoftchile.com\/blog\/video-curso-licencia-b\/","og_site_name":"AriSoft Chile - Productos para escuelas de conductores","twitter_misc":{"Tiempo de lectura":"1 minuto"},"schema":{"@context":"https:\/\/schema.org","@graph":[{"@type":"WebPage","@id":"https:\/\/www.arisoftchile.com\/blog\/video-curso-licencia-b\/","url":"https:\/\/www.arisoftchile.com\/blog\/video-curso-licencia-b\/","name":"Video Curso Licencia B - AriSoft Chile - Productos para escuelas de conductores","isPartOf":{"@id":"https:\/\/www.arisoftchile.com\/blog\/#website"},"datePublished":"2017-11-09T12:08:42+00:00","dateModified":"2017-11-09T12:08:42+00:00","breadcrumb":{"@id":"https:\/\/www.arisoftchile.com\/blog\/video-curso-licencia-b\/#breadcrumb"},"inLanguage":"es","potentialAction":[{"@type":"ReadAction","target":["https:\/\/www.arisoftchile.com\/blog\/video-curso-licencia-b\/"]}]},{"@type":"BreadcrumbList","@id":"https:\/\/www.arisoftchile.com\/blog\/video-curso-licencia-b\/#breadcrumb","itemListElement":[{"@type":"ListItem","position":1,"name":"Portada","item":"https:\/\/www.arisoftchile.com\/blog\/"},{"@type":"ListItem","position":2,"name":"Video Curso Licencia B"}]},{"@type":"WebSite","@id":"https:\/\/www.arisoftchile.com\/blog\/#website","url":"https:\/\/www.arisoftchile.com\/blog\/","name":"AriSoft Chile - Productos para escuelas de conductores","description":"Editorial de productos para escuelas de conductores","potentialAction":[{"@type":"SearchAction","target":{"@type":"EntryPoint","urlTemplate":"https:\/\/www.arisoftchile.com\/blog\/?s={search_term_string}"},"query-input":{"@type":"PropertyValueSpecification","valueRequired":true,"valueName":"search_term_string"}}],"inLanguage":"es"}]}},"_links":{"self":[{"href":"https:\/\/www.arisoftchile.com\/blog\/wp-json\/wp\/v2\/pages\/2016","targetHints":{"allow":["GET"]}}],"collection":[{"href":"https:\/\/www.arisoftchile.com\/blog\/wp-json\/wp\/v2\/pages"}],"about":[{"href":"https:\/\/www.arisoftchile.com\/blog\/wp-json\/wp\/v2\/types\/page"}],"author":[{"embeddable":true,"href":"https:\/\/www.arisoftchile.com\/blog\/wp-json\/wp\/v2\/users\/1"}],"replies":[{"embeddable":true,"href":"https:\/\/www.arisoftchile.com\/blog\/wp-json\/wp\/v2\/comments?post=2016"}],"version-history":[{"count":1,"href":"https:\/\/www.arisoftchile.com\/blog\/wp-json\/wp\/v2\/pages\/2016\/revisions"}],"predecessor-version":[{"id":2017,"href":"https:\/\/www.arisoftchile.com\/blog\/wp-json\/wp\/v2\/pages\/2016\/revisions\/2017"}],"wp:attachment":[{"href":"https:\/\/www.arisoftchile.com\/blog\/wp-json\/wp\/v2\/media?parent=2016"}],"curies":[{"name":"wp","href":"https:\/\/api.w.org\/{rel}","templated":true}]}}