{"id":688,"date":"2013-12-20T12:41:32","date_gmt":"2013-12-20T12:41:32","guid":{"rendered":"http:\/\/www.arisoftchile.com\/blog\/politica-de-cookies\/"},"modified":"2013-12-20T12:42:20","modified_gmt":"2013-12-20T12:42:20","slug":"politica-de-cookies","status":"publish","type":"page","link":"https:\/\/www.arisoftchile.com\/blog\/politica-de-cookies\/","title":{"rendered":"Pol\u00ed\u00adtica de cookies"},"content":{"rendered":"<p><strong>Cookies (Informaci\u00f3n ampliada)<\/strong><\/p>\n<p>Utilizamos cookies, esto es, un conjunto de datos que permite identificar al usuario durante la sesi\u00f3n en directo, denominadas \u00e2\u00c9de sesi\u00f3n\u00e2\u201d, lo que significa que las cookies son memorizadas y \u00fanicamente tienen validez el tiempo que dure una sesi\u00f3n activa, esto es, durante su visita a la web. Estas cookies no graban de forma permanente ninguna informaci\u00f3n en el disco duro de su ordenador y expiran al final de la sesi\u00f3n.<\/p>\n<p>En la web en general, las cookies \u00fanicamente recaban determinada informaci\u00f3n del usuario (esto es, tipo de navegador de Internet del usuario, sistema operativo del usuario y la direcci\u00f3n IP desde la que se accede a nuestra web) para facilitar la navegaci\u00f3n por nuestra web.<\/p>\n<p>En los procesos de compras on line en nuestra web, las cookies \u00fanicamente recaban informaci\u00f3n sobre el navegador del usuario y el identificador de la sesi\u00f3n de ese usuario durante su visita en la web, para tramitar el proceso de compra, y comprobar la correcci\u00f3n de los datos suministrados.<\/p>\n<p>En general, las cookies que empleamos se asocian \u00fanicamente con un usuario an\u00f3nimo y su ordenador y no proporcionan referencias que permitan deducir el nombre y apellidos del usuario. Respecto de los procesos de compra on line en particular, se asociar\u00e1 a los datos introducidos por el usuario durante el proceso de compra a su identificador de sesi\u00f3n para las conciliaciones bancarias y acreditar la contrataci\u00f3n.<\/p>\n<p>Ante esta informaci\u00f3n es posible llevar a cabo las siguientes acciones:<\/p>\n<p>Aceptar cookies. No se volver\u00e1 a visualizar este aviso al acceder a cualquier p\u00e1gina del portal durante la presente sesi\u00f3n.<\/p>\n<p>Cerrar. Se oculta el aviso en la presente p\u00e1gina, pero al acceder a cualquier otra p\u00e1gina del portal se volver\u00e1 a mostrar el aviso en la parte superior de la misma.<\/p>\n<p>Modificar su configuraci\u00f3n. Podr\u00e1 obtener m\u00e1s informaci\u00f3n sobre qu\u00e9 son las cookies, conocer la Pol\u00ed\u00adtica de cookies de la empresa y modificar la configuraci\u00f3n de su navegaci\u00f3n. Pero esto no evitar\u00e1 que se muestre el aviso sobre cookies al acceder a nuevas p\u00e1ginas del portal.<\/p>\n<p>C\u00f3mo modificar la configuraci\u00f3n de las cookies<\/p>\n<p>Usted puede restringir, bloquear o borrar las cookies de Arisoft Editorial SA o cualquier otra p\u00e1gina web, utilizando su navegador. En cada navegador la operativa diferente, la funci\u00f3n de &#8216;Ayuda\u00bb le mostrar\u00e1 c\u00f3mo hacerlo.<\/p>\n<p><strong>Pol\u00ed\u00adtica de Cookies<\/strong><\/p>\n<p>Arisoft Editorial SA informa acerca del uso de las cookies en su p\u00e1gina web:\u00a0<a title=\"Arisoft Chile\" href=\"http:\/\/www.arisoftchile.com\/\" target=\"_blank\">www. arisoftchile.com<\/a>.\u00a0Utilizamos cookies propias y de terceros para mejorar nuestros servicios y mostrarle publicidad relacionada con sus preferencias mediante el an\u00e1lisis de sus h\u00e1bitos de navegaci\u00f3n.\u00a0Si continua navegando, consideramos que acepta su uso.<\/p>\n<p>Las cookies son archivos que se pueden descargar en su equipo a trav\u00e9s de las p\u00e1ginas web. Son herramientas que tienen un papel esencial para la prestaci\u00f3n de numerosos servicios de la sociedad de la informaci\u00f3n. Entre otros, permiten a una p\u00e1gina web almacenar y recuperar informaci\u00f3n sobre los h\u00e1bitos de navegaci\u00f3n de un usuario o de su equipo y, dependiendo de la informaci\u00f3n obtenida, se pueden utilizar para reconocer al usuario y mejorar el servicio ofrecido.<\/p>\n<p><strong>Tipos de cookies<\/strong><\/p>\n<p>Seg\u00fan quien sea la entidad que gestione el dominio desde donde se env\u00ed\u00adan las cookies y trate los datos que se obtengan se pueden distinguir dos tipos: cookies propias y cookies de terceros.<\/p>\n<p>Existe tambi\u00e9n una segunda clasificaci\u00f3n seg\u00fan el plazo de tiempo que permanecen almacenadas en el navegador del cliente, pudiendo tratarse de cookies de sesi\u00f3n o cookies persistentes.<\/p>\n<p>Por \u00faltimo, existe otra clasificaci\u00f3n con cinco tipos de cookies seg\u00fan la finalidad para la que se traten los datos obtenidos: cookies t\u00e9cnicas, cookies de personalizaci\u00f3n, cookies de an\u00e1lisis, cookies publicitarias y cookies de publicidad comportamental.<\/p>\n<p><strong>Cookies utilizadas en la web<\/strong><\/p>\n<p>A continuaci\u00f3n se identifican las cookies que est\u00e1n siendo utilizadas en este portal as\u00ed\u00ad como su tipolog\u00ed\u00ada y funci\u00f3n:<\/p>\n<p>La p\u00e1gina web utiliza Google Analytics, un servicio de anal\u00ed\u00adtica web desarrollada por Google, que permite la medici\u00f3n y an\u00e1lisis de la navegaci\u00f3n en las p\u00e1ginas web. En su navegador podr\u00e1 observar\u00a0 4 cookies de este servicio. Seg\u00fan la tipolog\u00ed\u00ada anterior se trata de cookies propias, de sesi\u00f3n y de an\u00e1lisis. Puede encontrar m\u00e1s informaci\u00f3n al respecto e inhabilitar el uso de estas cookies www.google.es\/intl\/es\/analytics\/privacyoverview.html.<\/p>\n<p>A trav\u00e9s de la anal\u00ed\u00adtica web no se obtiene informaci\u00f3n sobre sus datos personales garantizando la tutela de la privacidad de las personas que navegan por la web. La informaci\u00f3n que se obtiene es la relativa al n\u00famero de usuarios que acceden a la web, el n\u00famero de p\u00e1ginas vistas, la frecuencia y repetici\u00f3n de las visitas, su duraci\u00f3n, el navegador utilizado, el operador que presta el servicio, el idioma, el terminal que utiliza, o la ciudad a la que est\u00e1 asignada su direcci\u00f3n IP. Informaci\u00f3n que posibilita un mejor y m\u00e1s apropiado servicio por parte de este portal.<\/p>\n<p>Otra de las cookies que se descargan es una cookie de tipo t\u00e9cnico denominada ASP.NET_SessionId necesaria para la correcta navegaci\u00f3n por las p\u00e1ginas web.<\/p>\n<p>Por \u00faltimo, se descarga una cookie de tipo t\u00e9cnico denominada cookies_policy, propia, de tipo t\u00e9cnico y de sesi\u00f3n. Gestiona el consentimiento del usuario ante el uso de las cookies en la p\u00e1gina web, con el objeto de evitar la excesiva molestia que pueda suponer mostrar repetidamente informaci\u00f3n sobre la pol\u00ed\u00adtica de cookies en la parte superior de la web a aquellas personas que hayan aceptado la misma.<\/p>\n<p><strong>Aceptaci\u00f3n de la Pol\u00ed\u00adtica de cookies<\/strong><\/p>\n<p>Arisoft Editorial SA muestra informaci\u00f3n sobre su Pol\u00ed\u00adtica de cookies en la parte superior de cualquier p\u00e1gina del portal con cada inicio de sesi\u00f3n.<\/p>\n<p>Ante esta informaci\u00f3n es posible llevar a cabo las siguientes acciones:<\/p>\n<p>Aceptar cookies. No se volver\u00e1 a visualizar este aviso al acceder a cualquier p\u00e1gina del portal durante la presente sesi\u00f3n.<\/p>\n<p>Cerrar. Se oculta el aviso en la presente p\u00e1gina, pero al acceder a cualquier otra p\u00e1gina del portal se volver\u00e1 a mostrar el aviso en la parte superior de la misma.<\/p>\n<p>Modificar su configuraci\u00f3n. Podr\u00e1 obtener m\u00e1s informaci\u00f3n sobre qu\u00e9 son las cookies, conocer la Pol\u00ed\u00adtica de cookies de la empresa y modificar la configuraci\u00f3n de su navegaci\u00f3n. Pero esto no evitar\u00e1 que se muestre el aviso sobre cookies al acceder a nuevas p\u00e1ginas del portal.<\/p>\n<p><strong>C\u00f3mo modificar la configuraci\u00f3n de las cookies<\/strong><\/p>\n<p>Usted puede restringir, bloquear o borrar las cookies de Arisoft Editorial SA o cualquier otra p\u00e1gina web, utilizando su navegador. En cada navegador la operativa diferente, la funci\u00f3n de &#8216;Ayuda&#8217; le mostrar\u00e1 c\u00f3mo hacerlo.<\/p>\n","protected":false},"excerpt":{"rendered":"<p>Cookies (Informaci\u00f3n ampliada) Utilizamos cookies, esto es, un conjunto de datos que permite identificar al usuario durante la sesi\u00f3n en directo, denominadas \u00e2\u00c9de sesi\u00f3n\u00e2\u201d, lo que significa que las cookies son memorizadas y \u00fanicamente tienen validez el tiempo que dure&#8230; <a class=\"more-link\" href=\"https:\/\/www.arisoftchile.com\/blog\/politica-de-cookies\/\">Seguir leyendo &rarr;<\/a><\/p>\n","protected":false},"author":1,"featured_media":0,"parent":0,"menu_order":0,"comment_status":"closed","ping_status":"closed","template":"","meta":{"footnotes":""},"class_list":["post-688","page","type-page","status-publish","hentry"],"yoast_head":"<!-- This site is optimized with the Yoast SEO plugin v24.0 - https:\/\/yoast.com\/wordpress\/plugins\/seo\/ -->\n<title>Pol\u00ed\u00adtica de cookies - AriSoft Chile - Productos para escuelas de conductores<\/title>\n<meta name=\"robots\" content=\"index, follow, max-snippet:-1, max-image-preview:large, max-video-preview:-1\" \/>\n<link rel=\"canonical\" href=\"https:\/\/www.arisoftchile.com\/blog\/politica-de-cookies\/\" \/>\n<meta property=\"og:locale\" content=\"es_ES\" \/>\n<meta property=\"og:type\" content=\"article\" \/>\n<meta property=\"og:title\" content=\"Pol\u00ed\u00adtica de cookies - AriSoft Chile - Productos para escuelas de conductores\" \/>\n<meta property=\"og:description\" content=\"Cookies (Informaci\u00f3n ampliada) Utilizamos cookies, esto es, un conjunto de datos que permite identificar al usuario durante la sesi\u00f3n en directo, denominadas \u00e2\u00c9de sesi\u00f3n\u00e2\u201d, lo que significa que las cookies son memorizadas y \u00fanicamente tienen validez el tiempo que dure... Seguir leyendo &rarr;\" \/>\n<meta property=\"og:url\" content=\"https:\/\/www.arisoftchile.com\/blog\/politica-de-cookies\/\" \/>\n<meta property=\"og:site_name\" content=\"AriSoft Chile - Productos para escuelas de conductores\" \/>\n<meta property=\"article:modified_time\" content=\"2013-12-20T12:42:20+00:00\" \/>\n<meta name=\"twitter:label1\" content=\"Tiempo de lectura\" \/>\n\t<meta name=\"twitter:data1\" content=\"6 minutos\" \/>\n<script type=\"application\/ld+json\" class=\"yoast-schema-graph\">{\"@context\":\"https:\/\/schema.org\",\"@graph\":[{\"@type\":\"WebPage\",\"@id\":\"https:\/\/www.arisoftchile.com\/blog\/politica-de-cookies\/\",\"url\":\"https:\/\/www.arisoftchile.com\/blog\/politica-de-cookies\/\",\"name\":\"Pol\u00ed\u00adtica de cookies - AriSoft Chile - Productos para escuelas de conductores\",\"isPartOf\":{\"@id\":\"https:\/\/www.arisoftchile.com\/blog\/#website\"},\"datePublished\":\"2013-12-20T12:41:32+00:00\",\"dateModified\":\"2013-12-20T12:42:20+00:00\",\"breadcrumb\":{\"@id\":\"https:\/\/www.arisoftchile.com\/blog\/politica-de-cookies\/#breadcrumb\"},\"inLanguage\":\"es\",\"potentialAction\":[{\"@type\":\"ReadAction\",\"target\":[\"https:\/\/www.arisoftchile.com\/blog\/politica-de-cookies\/\"]}]},{\"@type\":\"BreadcrumbList\",\"@id\":\"https:\/\/www.arisoftchile.com\/blog\/politica-de-cookies\/#breadcrumb\",\"itemListElement\":[{\"@type\":\"ListItem\",\"position\":1,\"name\":\"Portada\",\"item\":\"https:\/\/www.arisoftchile.com\/blog\/\"},{\"@type\":\"ListItem\",\"position\":2,\"name\":\"Pol\u00ed\u00adtica de cookies\"}]},{\"@type\":\"WebSite\",\"@id\":\"https:\/\/www.arisoftchile.com\/blog\/#website\",\"url\":\"https:\/\/www.arisoftchile.com\/blog\/\",\"name\":\"AriSoft Chile - Productos para escuelas de conductores\",\"description\":\"Editorial de productos para escuelas de conductores\",\"potentialAction\":[{\"@type\":\"SearchAction\",\"target\":{\"@type\":\"EntryPoint\",\"urlTemplate\":\"https:\/\/www.arisoftchile.com\/blog\/?s={search_term_string}\"},\"query-input\":{\"@type\":\"PropertyValueSpecification\",\"valueRequired\":true,\"valueName\":\"search_term_string\"}}],\"inLanguage\":\"es\"}]}<\/script>\n<!-- \/ Yoast SEO plugin. -->","yoast_head_json":{"title":"Pol\u00ed\u00adtica de cookies - AriSoft Chile - Productos para escuelas de conductores","robots":{"index":"index","follow":"follow","max-snippet":"max-snippet:-1","max-image-preview":"max-image-preview:large","max-video-preview":"max-video-preview:-1"},"canonical":"https:\/\/www.arisoftchile.com\/blog\/politica-de-cookies\/","og_locale":"es_ES","og_type":"article","og_title":"Pol\u00ed\u00adtica de cookies - AriSoft Chile - Productos para escuelas de conductores","og_description":"Cookies (Informaci\u00f3n ampliada) Utilizamos cookies, esto es, un conjunto de datos que permite identificar al usuario durante la sesi\u00f3n en directo, denominadas \u00e2\u00c9de sesi\u00f3n\u00e2\u201d, lo que significa que las cookies son memorizadas y \u00fanicamente tienen validez el tiempo que dure... Seguir leyendo &rarr;","og_url":"https:\/\/www.arisoftchile.com\/blog\/politica-de-cookies\/","og_site_name":"AriSoft Chile - Productos para escuelas de conductores","article_modified_time":"2013-12-20T12:42:20+00:00","twitter_misc":{"Tiempo de lectura":"6 minutos"},"schema":{"@context":"https:\/\/schema.org","@graph":[{"@type":"WebPage","@id":"https:\/\/www.arisoftchile.com\/blog\/politica-de-cookies\/","url":"https:\/\/www.arisoftchile.com\/blog\/politica-de-cookies\/","name":"Pol\u00ed\u00adtica de cookies - AriSoft Chile - Productos para escuelas de conductores","isPartOf":{"@id":"https:\/\/www.arisoftchile.com\/blog\/#website"},"datePublished":"2013-12-20T12:41:32+00:00","dateModified":"2013-12-20T12:42:20+00:00","breadcrumb":{"@id":"https:\/\/www.arisoftchile.com\/blog\/politica-de-cookies\/#breadcrumb"},"inLanguage":"es","potentialAction":[{"@type":"ReadAction","target":["https:\/\/www.arisoftchile.com\/blog\/politica-de-cookies\/"]}]},{"@type":"BreadcrumbList","@id":"https:\/\/www.arisoftchile.com\/blog\/politica-de-cookies\/#breadcrumb","itemListElement":[{"@type":"ListItem","position":1,"name":"Portada","item":"https:\/\/www.arisoftchile.com\/blog\/"},{"@type":"ListItem","position":2,"name":"Pol\u00ed\u00adtica de cookies"}]},{"@type":"WebSite","@id":"https:\/\/www.arisoftchile.com\/blog\/#website","url":"https:\/\/www.arisoftchile.com\/blog\/","name":"AriSoft Chile - Productos para escuelas de conductores","description":"Editorial de productos para escuelas de conductores","potentialAction":[{"@type":"SearchAction","target":{"@type":"EntryPoint","urlTemplate":"https:\/\/www.arisoftchile.com\/blog\/?s={search_term_string}"},"query-input":{"@type":"PropertyValueSpecification","valueRequired":true,"valueName":"search_term_string"}}],"inLanguage":"es"}]}},"_links":{"self":[{"href":"https:\/\/www.arisoftchile.com\/blog\/wp-json\/wp\/v2\/pages\/688","targetHints":{"allow":["GET"]}}],"collection":[{"href":"https:\/\/www.arisoftchile.com\/blog\/wp-json\/wp\/v2\/pages"}],"about":[{"href":"https:\/\/www.arisoftchile.com\/blog\/wp-json\/wp\/v2\/types\/page"}],"author":[{"embeddable":true,"href":"https:\/\/www.arisoftchile.com\/blog\/wp-json\/wp\/v2\/users\/1"}],"replies":[{"embeddable":true,"href":"https:\/\/www.arisoftchile.com\/blog\/wp-json\/wp\/v2\/comments?post=688"}],"version-history":[{"count":1,"href":"https:\/\/www.arisoftchile.com\/blog\/wp-json\/wp\/v2\/pages\/688\/revisions"}],"predecessor-version":[{"id":689,"href":"https:\/\/www.arisoftchile.com\/blog\/wp-json\/wp\/v2\/pages\/688\/revisions\/689"}],"wp:attachment":[{"href":"https:\/\/www.arisoftchile.com\/blog\/wp-json\/wp\/v2\/media?parent=688"}],"curies":[{"name":"wp","href":"https:\/\/api.w.org\/{rel}","templated":true}]}}