{"id":760,"date":"2014-07-25T11:00:28","date_gmt":"2014-07-25T11:00:28","guid":{"rendered":"http:\/\/www.arisoftchile.com\/blog\/?page_id=760"},"modified":"2017-07-13T18:14:24","modified_gmt":"2017-07-13T18:14:24","slug":"videos-online-licencia-b-chile-manejate-seguro","status":"publish","type":"page","link":"https:\/\/www.arisoftchile.com\/blog\/videos-online-licencia-b-chile-manejate-seguro\/","title":{"rendered":"Videos online Licencia B Chile: Man\u00e9jate Seguro"},"content":{"rendered":"<p style=\"color: #353535; text-align: justify;\">La\u00a0<a style=\"color: #30b7e8 !important;\" title=\"Man\u00e9jate Seguro\" href=\"http:\/\/www.arisoft.es\/b2c\/index.php?page=pp_producto.php&amp;md=0&amp;ref=VPBCHILEMANEJATE\" target=\"_blank\">colecci\u00f3n\u00a0<strong>MAN\u00c9JATE\u00a0SEGURO<\/strong><\/a>\u00a0est\u00e1 formada por\u00a0<strong>quince videos<\/strong>\u00a0y un glosario que podr\u00e1s ver en tu ordenador o tel\u00e9fono m\u00f3vil a trav\u00e9s de una plataforma en l\u00ed\u00adnea.<\/p>\n<p style=\"color: #353535; text-align: justify;\"><a style=\"color: #30b7e8 !important;\" title=\"Man\u00e9jate Seguro\" href=\"http:\/\/www.arisoft.es\/b2c\/index.php?page=pp_producto.php&amp;md=0&amp;ref=VPBCHILEMANEJATE\" target=\"_blank\"><strong>MAN\u00c9JATE\u00a0SEGURO<\/strong><\/a>\u00a0contiene\u00a0<strong>m\u00e1s de 300 minutos de video<\/strong>\u00a0con todas las leyes y normas necesarias sobre la circulaci\u00f3n en Chile.\u00a0Los contenidos de nuestro audiovisual est\u00e1n basados en el \u00e2\u00c9Libro del Nuevo Conductor\u00e2\u201d de Conaset.<\/p>\n<p style=\"color: #353535; text-align: justify;\">En\u00a0<strong>15 videos<\/strong>\u00a0y un\u00a0<strong>glosario<\/strong>\u00a0encontrar\u00e1s todos los contenidos para estudiar la\u00a0<strong>licencia B\u00a0<\/strong>de forma f\u00e1cil y c\u00f3moda:<\/p>\n<ul style=\"color: #222222; text-align: justify;\">\n<li>TEMA 01. El problema de los accidentes.<\/li>\n<li>TEMA 02. Funcionamiento del autom\u00f3vil.<\/li>\n<li>TEMA 03. Luces, energ\u00ed\u00ada y seguridad.<\/li>\n<li>TEMA 04. El individuo en el tr\u00e1nsito I.<\/li>\n<li>TEMA 05. El individuo en el tr\u00e1nsito II<\/li>\n<li>TEMA 06. El individuo en el tr\u00e1nsito III.<\/li>\n<li>TEMA 07. Usuarios vulnerables.<\/li>\n<li>TEMA 08. Normas de circulaci\u00f3n I.<\/li>\n<li>TEMA 09. Normas de circulaci\u00f3n II.<\/li>\n<li>TEMA 10. Normas de circulaci\u00f3n III.<\/li>\n<li>TEMA 11. Normas de circulaci\u00f3n IV.<\/li>\n<li>TEMA 12. Conducci\u00f3n en circunstancias especiales I.<\/li>\n<li>TEMA 13. Conducci\u00f3n en circunstancias especiales II.<\/li>\n<li>TEMA 14. Informaciones importantes.<\/li>\n<li>TEMA 15. Se\u00f1alizaci\u00f3n de tr\u00e1nsito.<\/li>\n<li>TEMA 16. Glosario.<\/li>\n<\/ul>\n<p><iframe loading=\"lazy\" src=\"\/\/www.youtube.com\/embed\/75DW4jE54ps?list=UUO-MxkFZ6hKAWJngNDGDNFA\" width=\"560\" height=\"315\" frameborder=\"0\" allowfullscreen=\"allowfullscreen\"><\/iframe><\/p>\n<p style=\"color: #353535; text-align: justify;\">Para poder utilizar este audiovisual, s\u00f3lo necesitas una conexi\u00f3n a Internet y acceder a nuestra plataforma online con tu nombre de usuario y con la clave de acceso. Podr\u00e1s hacerlo desde una escuela de conductores, desde tu casa o incluso desde tu celular. Podr\u00e1s visualizar todos los temas completos o estudiar los v\u00ed\u00addeos espec\u00ed\u00adficos simplificados con los contenidos que m\u00e1s te interesen.<\/p>\n<p style=\"color: #353535; text-align: justify;\">Una vez que adquiera el producto le facilitaremos una clave de acceso a la plataforma en l\u00ed\u00adnea donde se visualizan los v\u00ed\u00addeos. Esta clave es v\u00e1lida para un \u00fanico usuario y solamente estar\u00e1 activa durante tres meses. Env\u00ed\u00ade un correo electr\u00f3nico a <strong>pedidos@arisoft.es<\/strong> para obtener esta clave.<\/p>\n<p><a href=\"http:\/\/www.arisoft.es\/tienda\/chile\/172-videos-online-licencia-b-chile-manejate-seguro\" target=\"_blank\"><img loading=\"lazy\" decoding=\"async\" class=\"alignnone wp-image-1032\" src=\"http:\/\/www.arisoftchile.com\/blog\/wp-content\/uploads\/licencia-conducir-chile.jpg\" alt=\"licencia-conducir-chile\" width=\"221\" height=\"380\" srcset=\"https:\/\/www.arisoftchile.com\/blog\/wp-content\/uploads\/licencia-conducir-chile.jpg 517w, https:\/\/www.arisoftchile.com\/blog\/wp-content\/uploads\/licencia-conducir-chile-175x300.jpg 175w\" sizes=\"auto, (max-width: 221px) 100vw, 221px\" \/><\/a><\/p>\n","protected":false},"excerpt":{"rendered":"<p>La\u00a0colecci\u00f3n\u00a0MAN\u00c9JATE\u00a0SEGURO\u00a0est\u00e1 formada por\u00a0quince videos\u00a0y un glosario que podr\u00e1s ver en tu ordenador o tel\u00e9fono m\u00f3vil a trav\u00e9s de una plataforma en l\u00ed\u00adnea. MAN\u00c9JATE\u00a0SEGURO\u00a0contiene\u00a0m\u00e1s de 300 minutos de video\u00a0con todas las leyes y normas necesarias sobre la circulaci\u00f3n en Chile.\u00a0Los contenidos&#8230; <a class=\"more-link\" href=\"https:\/\/www.arisoftchile.com\/blog\/videos-online-licencia-b-chile-manejate-seguro\/\">Seguir leyendo &rarr;<\/a><\/p>\n","protected":false},"author":1,"featured_media":745,"parent":0,"menu_order":0,"comment_status":"closed","ping_status":"closed","template":"","meta":{"footnotes":""},"class_list":["post-760","page","type-page","status-publish","has-post-thumbnail","hentry"],"yoast_head":"<!-- This site is optimized with the Yoast SEO plugin v24.0 - https:\/\/yoast.com\/wordpress\/plugins\/seo\/ -->\n<title>Videos online Licencia B Chile: Man\u00e9jate Seguro - AriSoft Chile - Productos para escuelas de conductores<\/title>\n<meta name=\"description\" content=\"La colecci\u00f3n MAN\u00c9JATE SEGURO est\u00e1 formada por quince v\u00ed\u00addeos y un glosario que usted podr\u00e1 ver en su ordenador o tel\u00e9fono m\u00f3vil a trav\u00e9s de una plataforma en l\u00ed\u00adnea.\" \/>\n<meta name=\"robots\" content=\"index, follow, max-snippet:-1, max-image-preview:large, max-video-preview:-1\" \/>\n<link rel=\"canonical\" href=\"https:\/\/www.arisoftchile.com\/blog\/videos-online-licencia-b-chile-manejate-seguro\/\" \/>\n<meta property=\"og:locale\" content=\"es_ES\" \/>\n<meta property=\"og:type\" content=\"article\" \/>\n<meta property=\"og:title\" content=\"Videos online Licencia B Chile: Man\u00e9jate Seguro - AriSoft Chile - Productos para escuelas de conductores\" \/>\n<meta property=\"og:description\" content=\"La colecci\u00f3n MAN\u00c9JATE SEGURO est\u00e1 formada por quince v\u00ed\u00addeos y un glosario que usted podr\u00e1 ver en su ordenador o tel\u00e9fono m\u00f3vil a trav\u00e9s de una plataforma en l\u00ed\u00adnea.\" \/>\n<meta property=\"og:url\" content=\"https:\/\/www.arisoftchile.com\/blog\/videos-online-licencia-b-chile-manejate-seguro\/\" \/>\n<meta property=\"og:site_name\" content=\"AriSoft Chile - Productos para escuelas de conductores\" \/>\n<meta property=\"article:modified_time\" content=\"2017-07-13T18:14:24+00:00\" \/>\n<meta property=\"og:image\" content=\"https:\/\/www.arisoftchile.com\/blog\/wp-content\/uploads\/Hd_Manejate_seguro_temas_ok.jpg\" \/>\n\t<meta property=\"og:image:width\" content=\"1920\" \/>\n\t<meta property=\"og:image:height\" content=\"1080\" \/>\n\t<meta property=\"og:image:type\" content=\"image\/jpeg\" \/>\n<meta name=\"twitter:label1\" content=\"Tiempo de lectura\" \/>\n\t<meta name=\"twitter:data1\" content=\"2 minutos\" \/>\n<script type=\"application\/ld+json\" class=\"yoast-schema-graph\">{\"@context\":\"https:\/\/schema.org\",\"@graph\":[{\"@type\":\"WebPage\",\"@id\":\"https:\/\/www.arisoftchile.com\/blog\/videos-online-licencia-b-chile-manejate-seguro\/\",\"url\":\"https:\/\/www.arisoftchile.com\/blog\/videos-online-licencia-b-chile-manejate-seguro\/\",\"name\":\"Videos online Licencia B Chile: Man\u00e9jate Seguro - AriSoft Chile - Productos para escuelas de conductores\",\"isPartOf\":{\"@id\":\"https:\/\/www.arisoftchile.com\/blog\/#website\"},\"primaryImageOfPage\":{\"@id\":\"https:\/\/www.arisoftchile.com\/blog\/videos-online-licencia-b-chile-manejate-seguro\/#primaryimage\"},\"image\":{\"@id\":\"https:\/\/www.arisoftchile.com\/blog\/videos-online-licencia-b-chile-manejate-seguro\/#primaryimage\"},\"thumbnailUrl\":\"https:\/\/www.arisoftchile.com\/blog\/wp-content\/uploads\/Hd_Manejate_seguro_temas_ok.jpg\",\"datePublished\":\"2014-07-25T11:00:28+00:00\",\"dateModified\":\"2017-07-13T18:14:24+00:00\",\"description\":\"La colecci\u00f3n MAN\u00c9JATE SEGURO est\u00e1 formada por quince v\u00ed\u00addeos y un glosario que usted podr\u00e1 ver en su ordenador o tel\u00e9fono m\u00f3vil a trav\u00e9s de una plataforma en l\u00ed\u00adnea.\",\"breadcrumb\":{\"@id\":\"https:\/\/www.arisoftchile.com\/blog\/videos-online-licencia-b-chile-manejate-seguro\/#breadcrumb\"},\"inLanguage\":\"es\",\"potentialAction\":[{\"@type\":\"ReadAction\",\"target\":[\"https:\/\/www.arisoftchile.com\/blog\/videos-online-licencia-b-chile-manejate-seguro\/\"]}]},{\"@type\":\"ImageObject\",\"inLanguage\":\"es\",\"@id\":\"https:\/\/www.arisoftchile.com\/blog\/videos-online-licencia-b-chile-manejate-seguro\/#primaryimage\",\"url\":\"https:\/\/www.arisoftchile.com\/blog\/wp-content\/uploads\/Hd_Manejate_seguro_temas_ok.jpg\",\"contentUrl\":\"https:\/\/www.arisoftchile.com\/blog\/wp-content\/uploads\/Hd_Manejate_seguro_temas_ok.jpg\",\"width\":1920,\"height\":1080,\"caption\":\"Videos Licencia B Chile\"},{\"@type\":\"BreadcrumbList\",\"@id\":\"https:\/\/www.arisoftchile.com\/blog\/videos-online-licencia-b-chile-manejate-seguro\/#breadcrumb\",\"itemListElement\":[{\"@type\":\"ListItem\",\"position\":1,\"name\":\"Portada\",\"item\":\"https:\/\/www.arisoftchile.com\/blog\/\"},{\"@type\":\"ListItem\",\"position\":2,\"name\":\"Videos online Licencia B Chile: Man\u00e9jate Seguro\"}]},{\"@type\":\"WebSite\",\"@id\":\"https:\/\/www.arisoftchile.com\/blog\/#website\",\"url\":\"https:\/\/www.arisoftchile.com\/blog\/\",\"name\":\"AriSoft Chile - Productos para escuelas de conductores\",\"description\":\"Editorial de productos para escuelas de conductores\",\"potentialAction\":[{\"@type\":\"SearchAction\",\"target\":{\"@type\":\"EntryPoint\",\"urlTemplate\":\"https:\/\/www.arisoftchile.com\/blog\/?s={search_term_string}\"},\"query-input\":{\"@type\":\"PropertyValueSpecification\",\"valueRequired\":true,\"valueName\":\"search_term_string\"}}],\"inLanguage\":\"es\"}]}<\/script>\n<!-- \/ Yoast SEO plugin. -->","yoast_head_json":{"title":"Videos online Licencia B Chile: Man\u00e9jate Seguro - AriSoft Chile - Productos para escuelas de conductores","description":"La colecci\u00f3n MAN\u00c9JATE SEGURO est\u00e1 formada por quince v\u00ed\u00addeos y un glosario que usted podr\u00e1 ver en su ordenador o tel\u00e9fono m\u00f3vil a trav\u00e9s de una plataforma en l\u00ed\u00adnea.","robots":{"index":"index","follow":"follow","max-snippet":"max-snippet:-1","max-image-preview":"max-image-preview:large","max-video-preview":"max-video-preview:-1"},"canonical":"https:\/\/www.arisoftchile.com\/blog\/videos-online-licencia-b-chile-manejate-seguro\/","og_locale":"es_ES","og_type":"article","og_title":"Videos online Licencia B Chile: Man\u00e9jate Seguro - AriSoft Chile - Productos para escuelas de conductores","og_description":"La colecci\u00f3n MAN\u00c9JATE SEGURO est\u00e1 formada por quince v\u00ed\u00addeos y un glosario que usted podr\u00e1 ver en su ordenador o tel\u00e9fono m\u00f3vil a trav\u00e9s de una plataforma en l\u00ed\u00adnea.","og_url":"https:\/\/www.arisoftchile.com\/blog\/videos-online-licencia-b-chile-manejate-seguro\/","og_site_name":"AriSoft Chile - Productos para escuelas de conductores","article_modified_time":"2017-07-13T18:14:24+00:00","og_image":[{"width":1920,"height":1080,"url":"https:\/\/www.arisoftchile.com\/blog\/wp-content\/uploads\/Hd_Manejate_seguro_temas_ok.jpg","type":"image\/jpeg"}],"twitter_misc":{"Tiempo de lectura":"2 minutos"},"schema":{"@context":"https:\/\/schema.org","@graph":[{"@type":"WebPage","@id":"https:\/\/www.arisoftchile.com\/blog\/videos-online-licencia-b-chile-manejate-seguro\/","url":"https:\/\/www.arisoftchile.com\/blog\/videos-online-licencia-b-chile-manejate-seguro\/","name":"Videos online Licencia B Chile: Man\u00e9jate Seguro - AriSoft Chile - Productos para escuelas de conductores","isPartOf":{"@id":"https:\/\/www.arisoftchile.com\/blog\/#website"},"primaryImageOfPage":{"@id":"https:\/\/www.arisoftchile.com\/blog\/videos-online-licencia-b-chile-manejate-seguro\/#primaryimage"},"image":{"@id":"https:\/\/www.arisoftchile.com\/blog\/videos-online-licencia-b-chile-manejate-seguro\/#primaryimage"},"thumbnailUrl":"https:\/\/www.arisoftchile.com\/blog\/wp-content\/uploads\/Hd_Manejate_seguro_temas_ok.jpg","datePublished":"2014-07-25T11:00:28+00:00","dateModified":"2017-07-13T18:14:24+00:00","description":"La colecci\u00f3n MAN\u00c9JATE SEGURO est\u00e1 formada por quince v\u00ed\u00addeos y un glosario que usted podr\u00e1 ver en su ordenador o tel\u00e9fono m\u00f3vil a trav\u00e9s de una plataforma en l\u00ed\u00adnea.","breadcrumb":{"@id":"https:\/\/www.arisoftchile.com\/blog\/videos-online-licencia-b-chile-manejate-seguro\/#breadcrumb"},"inLanguage":"es","potentialAction":[{"@type":"ReadAction","target":["https:\/\/www.arisoftchile.com\/blog\/videos-online-licencia-b-chile-manejate-seguro\/"]}]},{"@type":"ImageObject","inLanguage":"es","@id":"https:\/\/www.arisoftchile.com\/blog\/videos-online-licencia-b-chile-manejate-seguro\/#primaryimage","url":"https:\/\/www.arisoftchile.com\/blog\/wp-content\/uploads\/Hd_Manejate_seguro_temas_ok.jpg","contentUrl":"https:\/\/www.arisoftchile.com\/blog\/wp-content\/uploads\/Hd_Manejate_seguro_temas_ok.jpg","width":1920,"height":1080,"caption":"Videos Licencia B Chile"},{"@type":"BreadcrumbList","@id":"https:\/\/www.arisoftchile.com\/blog\/videos-online-licencia-b-chile-manejate-seguro\/#breadcrumb","itemListElement":[{"@type":"ListItem","position":1,"name":"Portada","item":"https:\/\/www.arisoftchile.com\/blog\/"},{"@type":"ListItem","position":2,"name":"Videos online Licencia B Chile: Man\u00e9jate Seguro"}]},{"@type":"WebSite","@id":"https:\/\/www.arisoftchile.com\/blog\/#website","url":"https:\/\/www.arisoftchile.com\/blog\/","name":"AriSoft Chile - Productos para escuelas de conductores","description":"Editorial de productos para escuelas de conductores","potentialAction":[{"@type":"SearchAction","target":{"@type":"EntryPoint","urlTemplate":"https:\/\/www.arisoftchile.com\/blog\/?s={search_term_string}"},"query-input":{"@type":"PropertyValueSpecification","valueRequired":true,"valueName":"search_term_string"}}],"inLanguage":"es"}]}},"_links":{"self":[{"href":"https:\/\/www.arisoftchile.com\/blog\/wp-json\/wp\/v2\/pages\/760","targetHints":{"allow":["GET"]}}],"collection":[{"href":"https:\/\/www.arisoftchile.com\/blog\/wp-json\/wp\/v2\/pages"}],"about":[{"href":"https:\/\/www.arisoftchile.com\/blog\/wp-json\/wp\/v2\/types\/page"}],"author":[{"embeddable":true,"href":"https:\/\/www.arisoftchile.com\/blog\/wp-json\/wp\/v2\/users\/1"}],"replies":[{"embeddable":true,"href":"https:\/\/www.arisoftchile.com\/blog\/wp-json\/wp\/v2\/comments?post=760"}],"version-history":[{"count":9,"href":"https:\/\/www.arisoftchile.com\/blog\/wp-json\/wp\/v2\/pages\/760\/revisions"}],"predecessor-version":[{"id":1044,"href":"https:\/\/www.arisoftchile.com\/blog\/wp-json\/wp\/v2\/pages\/760\/revisions\/1044"}],"wp:featuredmedia":[{"embeddable":true,"href":"https:\/\/www.arisoftchile.com\/blog\/wp-json\/wp\/v2\/media\/745"}],"wp:attachment":[{"href":"https:\/\/www.arisoftchile.com\/blog\/wp-json\/wp\/v2\/media?parent=760"}],"curies":[{"name":"wp","href":"https:\/\/api.w.org\/{rel}","templated":true}]}}