{"id":827,"date":"2014-07-28T08:30:34","date_gmt":"2014-07-28T08:30:34","guid":{"rendered":"http:\/\/www.arisoftchile.com\/blog\/?page_id=827"},"modified":"2018-10-26T09:20:28","modified_gmt":"2018-10-26T09:20:28","slug":"aritest-profesores-y-aritest-aula-licencias-no-profesionales","status":"publish","type":"page","link":"https:\/\/www.arisoftchile.com\/blog\/aritest-profesores-y-aritest-aula-licencias-no-profesionales\/","title":{"rendered":"Aritest Profesores y Aritest Aula: licencias no profesionales"},"content":{"rendered":"<p><iframe loading=\"lazy\" src=\"http:\/\/www.youtube.com\/embed\/2zXh3HeYrAQ?rel=0\" width=\"686\" height=\"400\" frameborder=\"0\" allowfullscreen=\"allowfullscreen\"><\/iframe><\/p>\n<p>&nbsp;<\/p>\n<h3 style=\"text-align: justify;\">ESCUELAS DE CONDUCTORES &#8211; LICENCIAS NO PROFESIONALES<\/h3>\n<p>Con este PRODUCTO MULTIMEDIA, los alumnos de su escuela de conductores podr\u00e1n estudiar en los computadores los test con los que prepararse para la obtenci\u00f3n de las licencias no profesionales: licencia B y licencia C.<\/p>\n<p>&nbsp;<\/p>\n<h3>CONTENIDOS<\/h3>\n<p><strong>LICENCIA B<\/strong>: Veh\u00ed\u00adculos de tres o m\u00e1s ruedas para el transporte de personas, hasta nueve asientos, excluido el del conductor. Tambi\u00e9n v\u00e1lida para la conducci\u00f3n de veh\u00ed\u00adculos de carga cuyo Peso Bruto no exceda los 3.500 Kg (camionetas, furgones, etc.).<\/p>\n<p>Contiene 19 test y tiene un total de 356 preguntas.<\/p>\n<p>Los test se dividen en 8 test tem\u00e1ticos y 11 test de examen, adaptados a la nueva normativa de la CONASET.<\/p>\n<p>&nbsp;<\/p>\n<p><strong>LICENCIA C<\/strong>: Veh\u00ed\u00adculos de dos o tres ruedas, con motor fijo o agregado: motocicletas, bicimotos\u00e2\u2026<\/p>\n<p>Contiene 18 test y tiene un total de 340 preguntas.<\/p>\n<p>Los test se dividen en 4 test tem\u00e1ticos de la licencia clase B, 4 test tem\u00e1ticos licencia clase C y 10 test de examen adaptados a la nueva normativa de la CONASET.<br \/>\nIncluimos dentro del producto multimedia el manual completo de la CONASET del Conductor No Profesional para la consulta del alumno. Hemos sido autorizados por la CONASET para poder incluirlo dentro de todos nuestros productos.<\/p>\n<p><a href=\"http:\/\/www.arisoft.es\/tienda\/chile\/174-escuelas-conductores-licencias-no-profesionales\" target=\"_blank\"><img loading=\"lazy\" decoding=\"async\" class=\"alignnone wp-image-1032\" src=\"http:\/\/www.arisoftchile.com\/blog\/wp-content\/uploads\/licencia-conducir-chile.jpg\" alt=\"licencia-conducir-chile\" width=\"221\" height=\"380\" srcset=\"https:\/\/www.arisoftchile.com\/blog\/wp-content\/uploads\/licencia-conducir-chile.jpg 517w, https:\/\/www.arisoftchile.com\/blog\/wp-content\/uploads\/licencia-conducir-chile-175x300.jpg 175w\" sizes=\"auto, (max-width: 221px) 100vw, 221px\" \/><\/a><\/p>\n","protected":false},"excerpt":{"rendered":"<p>&nbsp; ESCUELAS DE CONDUCTORES &#8211; LICENCIAS NO PROFESIONALES Con este PRODUCTO MULTIMEDIA, los alumnos de su escuela de conductores podr\u00e1n estudiar en los computadores los test con los que prepararse para la obtenci\u00f3n de las licencias no profesionales: licencia B&#8230; <a class=\"more-link\" href=\"https:\/\/www.arisoftchile.com\/blog\/aritest-profesores-y-aritest-aula-licencias-no-profesionales\/\">Seguir leyendo &rarr;<\/a><\/p>\n","protected":false},"author":1,"featured_media":0,"parent":0,"menu_order":0,"comment_status":"open","ping_status":"open","template":"","meta":{"footnotes":""},"class_list":["post-827","page","type-page","status-publish","hentry"],"yoast_head":"<!-- This site is optimized with the Yoast SEO plugin v24.0 - https:\/\/yoast.com\/wordpress\/plugins\/seo\/ -->\n<title>Licencias no profesionales Chile - Arisoft Chile<\/title>\n<meta name=\"description\" content=\"Los alumnos de su escuela de conductores podr\u00e1n estudiar en los computadores para la obtenci\u00f3n de las licencias no profesionales\" \/>\n<meta name=\"robots\" content=\"index, follow, max-snippet:-1, max-image-preview:large, max-video-preview:-1\" \/>\n<link rel=\"canonical\" href=\"https:\/\/www.arisoftchile.com\/blog\/aritest-profesores-y-aritest-aula-licencias-no-profesionales\/\" \/>\n<meta property=\"og:locale\" content=\"es_ES\" \/>\n<meta property=\"og:type\" content=\"article\" \/>\n<meta property=\"og:title\" content=\"Licencias no profesionales Chile - Arisoft Chile\" \/>\n<meta property=\"og:description\" content=\"Los alumnos de su escuela de conductores podr\u00e1n estudiar en los computadores para la obtenci\u00f3n de las licencias no profesionales\" \/>\n<meta property=\"og:url\" content=\"https:\/\/www.arisoftchile.com\/blog\/aritest-profesores-y-aritest-aula-licencias-no-profesionales\/\" \/>\n<meta property=\"og:site_name\" content=\"AriSoft Chile - Productos para escuelas de conductores\" \/>\n<meta property=\"article:modified_time\" content=\"2018-10-26T09:20:28+00:00\" \/>\n<meta property=\"og:image\" content=\"https:\/\/www.arisoftchile.com\/blog\/wp-content\/uploads\/licencia-conducir-chile.jpg\" \/>\n\t<meta property=\"og:image:width\" content=\"517\" \/>\n\t<meta property=\"og:image:height\" content=\"888\" \/>\n\t<meta property=\"og:image:type\" content=\"image\/jpeg\" \/>\n<meta name=\"twitter:label1\" content=\"Tiempo de lectura\" \/>\n\t<meta name=\"twitter:data1\" content=\"1 minuto\" \/>\n<script type=\"application\/ld+json\" class=\"yoast-schema-graph\">{\"@context\":\"https:\/\/schema.org\",\"@graph\":[{\"@type\":\"WebPage\",\"@id\":\"https:\/\/www.arisoftchile.com\/blog\/aritest-profesores-y-aritest-aula-licencias-no-profesionales\/\",\"url\":\"https:\/\/www.arisoftchile.com\/blog\/aritest-profesores-y-aritest-aula-licencias-no-profesionales\/\",\"name\":\"Licencias no profesionales Chile - Arisoft Chile\",\"isPartOf\":{\"@id\":\"https:\/\/www.arisoftchile.com\/blog\/#website\"},\"primaryImageOfPage\":{\"@id\":\"https:\/\/www.arisoftchile.com\/blog\/aritest-profesores-y-aritest-aula-licencias-no-profesionales\/#primaryimage\"},\"image\":{\"@id\":\"https:\/\/www.arisoftchile.com\/blog\/aritest-profesores-y-aritest-aula-licencias-no-profesionales\/#primaryimage\"},\"thumbnailUrl\":\"http:\/\/www.arisoftchile.com\/blog\/wp-content\/uploads\/licencia-conducir-chile.jpg\",\"datePublished\":\"2014-07-28T08:30:34+00:00\",\"dateModified\":\"2018-10-26T09:20:28+00:00\",\"description\":\"Los alumnos de su escuela de conductores podr\u00e1n estudiar en los computadores para la obtenci\u00f3n de las licencias no profesionales\",\"breadcrumb\":{\"@id\":\"https:\/\/www.arisoftchile.com\/blog\/aritest-profesores-y-aritest-aula-licencias-no-profesionales\/#breadcrumb\"},\"inLanguage\":\"es\",\"potentialAction\":[{\"@type\":\"ReadAction\",\"target\":[\"https:\/\/www.arisoftchile.com\/blog\/aritest-profesores-y-aritest-aula-licencias-no-profesionales\/\"]}]},{\"@type\":\"ImageObject\",\"inLanguage\":\"es\",\"@id\":\"https:\/\/www.arisoftchile.com\/blog\/aritest-profesores-y-aritest-aula-licencias-no-profesionales\/#primaryimage\",\"url\":\"https:\/\/www.arisoftchile.com\/blog\/wp-content\/uploads\/licencia-conducir-chile.jpg\",\"contentUrl\":\"https:\/\/www.arisoftchile.com\/blog\/wp-content\/uploads\/licencia-conducir-chile.jpg\",\"width\":517,\"height\":888},{\"@type\":\"BreadcrumbList\",\"@id\":\"https:\/\/www.arisoftchile.com\/blog\/aritest-profesores-y-aritest-aula-licencias-no-profesionales\/#breadcrumb\",\"itemListElement\":[{\"@type\":\"ListItem\",\"position\":1,\"name\":\"Portada\",\"item\":\"https:\/\/www.arisoftchile.com\/blog\/\"},{\"@type\":\"ListItem\",\"position\":2,\"name\":\"Aritest Profesores y Aritest Aula: licencias no profesionales\"}]},{\"@type\":\"WebSite\",\"@id\":\"https:\/\/www.arisoftchile.com\/blog\/#website\",\"url\":\"https:\/\/www.arisoftchile.com\/blog\/\",\"name\":\"AriSoft Chile - Productos para escuelas de conductores\",\"description\":\"Editorial de productos para escuelas de conductores\",\"potentialAction\":[{\"@type\":\"SearchAction\",\"target\":{\"@type\":\"EntryPoint\",\"urlTemplate\":\"https:\/\/www.arisoftchile.com\/blog\/?s={search_term_string}\"},\"query-input\":{\"@type\":\"PropertyValueSpecification\",\"valueRequired\":true,\"valueName\":\"search_term_string\"}}],\"inLanguage\":\"es\"}]}<\/script>\n<!-- \/ Yoast SEO plugin. -->","yoast_head_json":{"title":"Licencias no profesionales Chile - Arisoft Chile","description":"Los alumnos de su escuela de conductores podr\u00e1n estudiar en los computadores para la obtenci\u00f3n de las licencias no profesionales","robots":{"index":"index","follow":"follow","max-snippet":"max-snippet:-1","max-image-preview":"max-image-preview:large","max-video-preview":"max-video-preview:-1"},"canonical":"https:\/\/www.arisoftchile.com\/blog\/aritest-profesores-y-aritest-aula-licencias-no-profesionales\/","og_locale":"es_ES","og_type":"article","og_title":"Licencias no profesionales Chile - Arisoft Chile","og_description":"Los alumnos de su escuela de conductores podr\u00e1n estudiar en los computadores para la obtenci\u00f3n de las licencias no profesionales","og_url":"https:\/\/www.arisoftchile.com\/blog\/aritest-profesores-y-aritest-aula-licencias-no-profesionales\/","og_site_name":"AriSoft Chile - Productos para escuelas de conductores","article_modified_time":"2018-10-26T09:20:28+00:00","og_image":[{"width":517,"height":888,"url":"https:\/\/www.arisoftchile.com\/blog\/wp-content\/uploads\/licencia-conducir-chile.jpg","type":"image\/jpeg"}],"twitter_misc":{"Tiempo de lectura":"1 minuto"},"schema":{"@context":"https:\/\/schema.org","@graph":[{"@type":"WebPage","@id":"https:\/\/www.arisoftchile.com\/blog\/aritest-profesores-y-aritest-aula-licencias-no-profesionales\/","url":"https:\/\/www.arisoftchile.com\/blog\/aritest-profesores-y-aritest-aula-licencias-no-profesionales\/","name":"Licencias no profesionales Chile - Arisoft Chile","isPartOf":{"@id":"https:\/\/www.arisoftchile.com\/blog\/#website"},"primaryImageOfPage":{"@id":"https:\/\/www.arisoftchile.com\/blog\/aritest-profesores-y-aritest-aula-licencias-no-profesionales\/#primaryimage"},"image":{"@id":"https:\/\/www.arisoftchile.com\/blog\/aritest-profesores-y-aritest-aula-licencias-no-profesionales\/#primaryimage"},"thumbnailUrl":"http:\/\/www.arisoftchile.com\/blog\/wp-content\/uploads\/licencia-conducir-chile.jpg","datePublished":"2014-07-28T08:30:34+00:00","dateModified":"2018-10-26T09:20:28+00:00","description":"Los alumnos de su escuela de conductores podr\u00e1n estudiar en los computadores para la obtenci\u00f3n de las licencias no profesionales","breadcrumb":{"@id":"https:\/\/www.arisoftchile.com\/blog\/aritest-profesores-y-aritest-aula-licencias-no-profesionales\/#breadcrumb"},"inLanguage":"es","potentialAction":[{"@type":"ReadAction","target":["https:\/\/www.arisoftchile.com\/blog\/aritest-profesores-y-aritest-aula-licencias-no-profesionales\/"]}]},{"@type":"ImageObject","inLanguage":"es","@id":"https:\/\/www.arisoftchile.com\/blog\/aritest-profesores-y-aritest-aula-licencias-no-profesionales\/#primaryimage","url":"https:\/\/www.arisoftchile.com\/blog\/wp-content\/uploads\/licencia-conducir-chile.jpg","contentUrl":"https:\/\/www.arisoftchile.com\/blog\/wp-content\/uploads\/licencia-conducir-chile.jpg","width":517,"height":888},{"@type":"BreadcrumbList","@id":"https:\/\/www.arisoftchile.com\/blog\/aritest-profesores-y-aritest-aula-licencias-no-profesionales\/#breadcrumb","itemListElement":[{"@type":"ListItem","position":1,"name":"Portada","item":"https:\/\/www.arisoftchile.com\/blog\/"},{"@type":"ListItem","position":2,"name":"Aritest Profesores y Aritest Aula: licencias no profesionales"}]},{"@type":"WebSite","@id":"https:\/\/www.arisoftchile.com\/blog\/#website","url":"https:\/\/www.arisoftchile.com\/blog\/","name":"AriSoft Chile - Productos para escuelas de conductores","description":"Editorial de productos para escuelas de conductores","potentialAction":[{"@type":"SearchAction","target":{"@type":"EntryPoint","urlTemplate":"https:\/\/www.arisoftchile.com\/blog\/?s={search_term_string}"},"query-input":{"@type":"PropertyValueSpecification","valueRequired":true,"valueName":"search_term_string"}}],"inLanguage":"es"}]}},"_links":{"self":[{"href":"https:\/\/www.arisoftchile.com\/blog\/wp-json\/wp\/v2\/pages\/827","targetHints":{"allow":["GET"]}}],"collection":[{"href":"https:\/\/www.arisoftchile.com\/blog\/wp-json\/wp\/v2\/pages"}],"about":[{"href":"https:\/\/www.arisoftchile.com\/blog\/wp-json\/wp\/v2\/types\/page"}],"author":[{"embeddable":true,"href":"https:\/\/www.arisoftchile.com\/blog\/wp-json\/wp\/v2\/users\/1"}],"replies":[{"embeddable":true,"href":"https:\/\/www.arisoftchile.com\/blog\/wp-json\/wp\/v2\/comments?post=827"}],"version-history":[{"count":8,"href":"https:\/\/www.arisoftchile.com\/blog\/wp-json\/wp\/v2\/pages\/827\/revisions"}],"predecessor-version":[{"id":2460,"href":"https:\/\/www.arisoftchile.com\/blog\/wp-json\/wp\/v2\/pages\/827\/revisions\/2460"}],"wp:attachment":[{"href":"https:\/\/www.arisoftchile.com\/blog\/wp-json\/wp\/v2\/media?parent=827"}],"curies":[{"name":"wp","href":"https:\/\/api.w.org\/{rel}","templated":true}]}}