{"id":834,"date":"2014-07-28T08:40:29","date_gmt":"2014-07-28T08:40:29","guid":{"rendered":"http:\/\/www.arisoftchile.com\/blog\/?page_id=834"},"modified":"2015-10-14T15:06:24","modified_gmt":"2015-10-14T15:06:24","slug":"aritest-profesores-licencias-profesionales-y-licencias-no-profesionales","status":"publish","type":"page","link":"https:\/\/www.arisoftchile.com\/blog\/aritest-profesores-licencias-profesionales-y-licencias-no-profesionales\/","title":{"rendered":"Aritest Profesores: licencias profesionales y licencias no profesionales"},"content":{"rendered":"<p><iframe loading=\"lazy\" src=\"http:\/\/www.youtube.com\/embed\/2zXh3HeYrAQ?rel=0\" width=\"686\" height=\"400\" frameborder=\"0\" allowfullscreen=\"allowfullscreen\"><\/iframe><\/p>\n<h3>ESCUELAS DE CONDUCTORES &#8211; LICENCIAS PROFESIONALES Y NO PROFESIONALES<\/h3>\n<p style=\"text-align: justify;\">Con este PRODUCTO MULTIMEDIA, los alumnos de su escuela de conductores podr\u00e1n estudiar en los computadores los test con los que prepararse para la obtenci\u00f3n cualquiera de las licencias de Chile: B, C, A1, A2, A3, A4 y A5.<\/p>\n<h3 style=\"text-align: justify;\">DESCRIPCI\u00d3N<\/h3>\n<p style=\"text-align: justify;\">Con este PRODUCTO MULTIMEDIA sus alumnos podr\u00e1n estudiar en el aula los test con los que prepararse para la obtenci\u00f3n de las licencias de Chile, tanto las profesionales (A1, A2, A3, A4 y A5) como las no profesionales (B y C).<\/p>\n<p style=\"text-align: justify;\">Las preguntas de este producto est\u00e1n basadas en los libros del Nuevo Conductor de Chile (Profesional y No Profesional) editados por la Comisi\u00f3n Nacional de Seguridad de Tr\u00e1nsito de Chile (CONASET).<\/p>\n<p style=\"text-align: justify;\">La plataforma utilizada para hacer los test es ARITEST AULA, desarrollada por ARISOFT.<\/p>\n<h3 style=\"text-align: justify;\">CONTENIDOS<\/h3>\n<p style=\"text-align: justify;\"><strong>LICENCIA B<\/strong>: Veh\u00ed\u00adculos de tres o m\u00e1s ruedas para el transporte de personas, hasta nueve asientos, excluido el del conductor. Tambi\u00e9n v\u00e1lida para la conducci\u00f3n de veh\u00ed\u00adculos de carga cuyo Peso Bruto no exceda los 3.500 Kg (camionetas, furgones, etc.). Contiene 19 test y tiene un total de 356 preguntas.<\/p>\n<p style=\"text-align: justify;\"><strong>LICENCIA C<\/strong>: Veh\u00ed\u00adculos de dos o tres ruedas, con motor fijo o agregado: motocicletas, bicimotos\u00e2\u2026 Contiene 18 test y tiene un total de 340 preguntas.<\/p>\n<p style=\"text-align: justify;\"><strong>LICENCIA A1<\/strong>: Taxis. Contiene 53 test y tiene un total de 928 preguntas.<\/p>\n<p style=\"text-align: justify;\"><strong>LICENCIA A2<\/strong>: Taxis, ambulancias, veh\u00ed\u00adculos de transporte p\u00fablico y privado de entre 10 y 17 asientos excluido el conductor. Contiene 53 test y tiene un total de 946 preguntas.<\/p>\n<p style=\"text-align: justify;\"><strong>LICENCIA A3<\/strong>: Taxis, veh\u00ed\u00adculos de transporte escolar, ambulancias y veh\u00ed\u00adculos de transporte p\u00fablico y privado sin l\u00ed\u00admite en el n\u00famero de asientos. Contiene 55 test y tiene un total de 987 preguntas.<\/p>\n<p style=\"text-align: justify;\"><strong>LICENCIA A4<\/strong>: Veh\u00ed\u00adculos simples de transporte de carga con Peso Bruto superior a 3.500 Kg. Contiene 56 test y tiene un total de 985 preguntas.<\/p>\n<p style=\"text-align: justify;\"><strong>LICENCIA A5<\/strong>: Veh\u00ed\u00adculos simples o articulados de transporte de carga con Peso Bruto superior a 3.500 Kg. Contiene 56 test y tiene un total de 990 preguntas.<\/p>\n<p style=\"text-align: justify;\">Incluimos dentro del producto multimedia los manuales completos de la CONASET del Conductor Profesional y del Conductor No Profesional para la consulta del alumno. Hemos sido autorizados por la CONASET para poder incluirlo dentro de todos nuestros productos.<\/p>\n<p><a href=\"http:\/\/www.arisoft.es\/tienda\/chile\/173-escuelas-conductores-licencias-profesionales-no-profesionales\" target=\"_blank\"><img loading=\"lazy\" decoding=\"async\" class=\"alignnone wp-image-1032\" src=\"http:\/\/www.arisoftchile.com\/blog\/wp-content\/uploads\/licencia-conducir-chile.jpg\" alt=\"licencia-conducir-chile\" width=\"221\" height=\"380\" srcset=\"https:\/\/www.arisoftchile.com\/blog\/wp-content\/uploads\/licencia-conducir-chile.jpg 517w, https:\/\/www.arisoftchile.com\/blog\/wp-content\/uploads\/licencia-conducir-chile-175x300.jpg 175w\" sizes=\"auto, (max-width: 221px) 100vw, 221px\" \/><\/a><\/p>\n","protected":false},"excerpt":{"rendered":"<p>ESCUELAS DE CONDUCTORES &#8211; LICENCIAS PROFESIONALES Y NO PROFESIONALES Con este PRODUCTO MULTIMEDIA, los alumnos de su escuela de conductores podr\u00e1n estudiar en los computadores los test con los que prepararse para la obtenci\u00f3n cualquiera de las licencias de Chile:&#8230; <a class=\"more-link\" href=\"https:\/\/www.arisoftchile.com\/blog\/aritest-profesores-licencias-profesionales-y-licencias-no-profesionales\/\">Seguir leyendo &rarr;<\/a><\/p>\n","protected":false},"author":1,"featured_media":0,"parent":0,"menu_order":0,"comment_status":"open","ping_status":"open","template":"","meta":{"footnotes":""},"class_list":["post-834","page","type-page","status-publish","hentry"],"yoast_head":"<!-- This site is optimized with the Yoast SEO plugin v24.0 - https:\/\/yoast.com\/wordpress\/plugins\/seo\/ -->\n<title>Licencias profesionales y licencias no profesionales Chile<\/title>\n<meta name=\"description\" content=\"Los alumnos de su escuela de conductores podr\u00e1n estudiar en los computadores los test para la obtenci\u00f3n cualquiera de las licencias de Chile.\" \/>\n<meta name=\"robots\" content=\"index, follow, max-snippet:-1, max-image-preview:large, max-video-preview:-1\" \/>\n<link rel=\"canonical\" href=\"https:\/\/www.arisoftchile.com\/blog\/aritest-profesores-licencias-profesionales-y-licencias-no-profesionales\/\" \/>\n<meta property=\"og:locale\" content=\"es_ES\" \/>\n<meta property=\"og:type\" content=\"article\" \/>\n<meta property=\"og:title\" content=\"Licencias profesionales y licencias no profesionales Chile\" \/>\n<meta property=\"og:description\" content=\"Los alumnos de su escuela de conductores podr\u00e1n estudiar en los computadores los test para la obtenci\u00f3n cualquiera de las licencias de Chile.\" \/>\n<meta property=\"og:url\" content=\"https:\/\/www.arisoftchile.com\/blog\/aritest-profesores-licencias-profesionales-y-licencias-no-profesionales\/\" \/>\n<meta property=\"og:site_name\" content=\"AriSoft Chile - Productos para escuelas de conductores\" \/>\n<meta property=\"article:modified_time\" content=\"2015-10-14T15:06:24+00:00\" \/>\n<meta property=\"og:image\" content=\"https:\/\/www.arisoftchile.com\/blog\/wp-content\/uploads\/licencia-conducir-chile.jpg\" \/>\n\t<meta property=\"og:image:width\" content=\"517\" \/>\n\t<meta property=\"og:image:height\" content=\"888\" \/>\n\t<meta property=\"og:image:type\" content=\"image\/jpeg\" \/>\n<meta name=\"twitter:label1\" content=\"Tiempo de lectura\" \/>\n\t<meta name=\"twitter:data1\" content=\"2 minutos\" \/>\n<script type=\"application\/ld+json\" class=\"yoast-schema-graph\">{\"@context\":\"https:\/\/schema.org\",\"@graph\":[{\"@type\":\"WebPage\",\"@id\":\"https:\/\/www.arisoftchile.com\/blog\/aritest-profesores-licencias-profesionales-y-licencias-no-profesionales\/\",\"url\":\"https:\/\/www.arisoftchile.com\/blog\/aritest-profesores-licencias-profesionales-y-licencias-no-profesionales\/\",\"name\":\"Licencias profesionales y licencias no profesionales Chile\",\"isPartOf\":{\"@id\":\"https:\/\/www.arisoftchile.com\/blog\/#website\"},\"primaryImageOfPage\":{\"@id\":\"https:\/\/www.arisoftchile.com\/blog\/aritest-profesores-licencias-profesionales-y-licencias-no-profesionales\/#primaryimage\"},\"image\":{\"@id\":\"https:\/\/www.arisoftchile.com\/blog\/aritest-profesores-licencias-profesionales-y-licencias-no-profesionales\/#primaryimage\"},\"thumbnailUrl\":\"http:\/\/www.arisoftchile.com\/blog\/wp-content\/uploads\/licencia-conducir-chile.jpg\",\"datePublished\":\"2014-07-28T08:40:29+00:00\",\"dateModified\":\"2015-10-14T15:06:24+00:00\",\"description\":\"Los alumnos de su escuela de conductores podr\u00e1n estudiar en los computadores los test para la obtenci\u00f3n cualquiera de las licencias de Chile.\",\"breadcrumb\":{\"@id\":\"https:\/\/www.arisoftchile.com\/blog\/aritest-profesores-licencias-profesionales-y-licencias-no-profesionales\/#breadcrumb\"},\"inLanguage\":\"es\",\"potentialAction\":[{\"@type\":\"ReadAction\",\"target\":[\"https:\/\/www.arisoftchile.com\/blog\/aritest-profesores-licencias-profesionales-y-licencias-no-profesionales\/\"]}]},{\"@type\":\"ImageObject\",\"inLanguage\":\"es\",\"@id\":\"https:\/\/www.arisoftchile.com\/blog\/aritest-profesores-licencias-profesionales-y-licencias-no-profesionales\/#primaryimage\",\"url\":\"https:\/\/www.arisoftchile.com\/blog\/wp-content\/uploads\/licencia-conducir-chile.jpg\",\"contentUrl\":\"https:\/\/www.arisoftchile.com\/blog\/wp-content\/uploads\/licencia-conducir-chile.jpg\",\"width\":517,\"height\":888},{\"@type\":\"BreadcrumbList\",\"@id\":\"https:\/\/www.arisoftchile.com\/blog\/aritest-profesores-licencias-profesionales-y-licencias-no-profesionales\/#breadcrumb\",\"itemListElement\":[{\"@type\":\"ListItem\",\"position\":1,\"name\":\"Portada\",\"item\":\"https:\/\/www.arisoftchile.com\/blog\/\"},{\"@type\":\"ListItem\",\"position\":2,\"name\":\"Aritest Profesores: licencias profesionales y licencias no profesionales\"}]},{\"@type\":\"WebSite\",\"@id\":\"https:\/\/www.arisoftchile.com\/blog\/#website\",\"url\":\"https:\/\/www.arisoftchile.com\/blog\/\",\"name\":\"AriSoft Chile - Productos para escuelas de conductores\",\"description\":\"Editorial de productos para escuelas de conductores\",\"potentialAction\":[{\"@type\":\"SearchAction\",\"target\":{\"@type\":\"EntryPoint\",\"urlTemplate\":\"https:\/\/www.arisoftchile.com\/blog\/?s={search_term_string}\"},\"query-input\":{\"@type\":\"PropertyValueSpecification\",\"valueRequired\":true,\"valueName\":\"search_term_string\"}}],\"inLanguage\":\"es\"}]}<\/script>\n<!-- \/ Yoast SEO plugin. -->","yoast_head_json":{"title":"Licencias profesionales y licencias no profesionales Chile","description":"Los alumnos de su escuela de conductores podr\u00e1n estudiar en los computadores los test para la obtenci\u00f3n cualquiera de las licencias de Chile.","robots":{"index":"index","follow":"follow","max-snippet":"max-snippet:-1","max-image-preview":"max-image-preview:large","max-video-preview":"max-video-preview:-1"},"canonical":"https:\/\/www.arisoftchile.com\/blog\/aritest-profesores-licencias-profesionales-y-licencias-no-profesionales\/","og_locale":"es_ES","og_type":"article","og_title":"Licencias profesionales y licencias no profesionales Chile","og_description":"Los alumnos de su escuela de conductores podr\u00e1n estudiar en los computadores los test para la obtenci\u00f3n cualquiera de las licencias de Chile.","og_url":"https:\/\/www.arisoftchile.com\/blog\/aritest-profesores-licencias-profesionales-y-licencias-no-profesionales\/","og_site_name":"AriSoft Chile - Productos para escuelas de conductores","article_modified_time":"2015-10-14T15:06:24+00:00","og_image":[{"width":517,"height":888,"url":"https:\/\/www.arisoftchile.com\/blog\/wp-content\/uploads\/licencia-conducir-chile.jpg","type":"image\/jpeg"}],"twitter_misc":{"Tiempo de lectura":"2 minutos"},"schema":{"@context":"https:\/\/schema.org","@graph":[{"@type":"WebPage","@id":"https:\/\/www.arisoftchile.com\/blog\/aritest-profesores-licencias-profesionales-y-licencias-no-profesionales\/","url":"https:\/\/www.arisoftchile.com\/blog\/aritest-profesores-licencias-profesionales-y-licencias-no-profesionales\/","name":"Licencias profesionales y licencias no profesionales Chile","isPartOf":{"@id":"https:\/\/www.arisoftchile.com\/blog\/#website"},"primaryImageOfPage":{"@id":"https:\/\/www.arisoftchile.com\/blog\/aritest-profesores-licencias-profesionales-y-licencias-no-profesionales\/#primaryimage"},"image":{"@id":"https:\/\/www.arisoftchile.com\/blog\/aritest-profesores-licencias-profesionales-y-licencias-no-profesionales\/#primaryimage"},"thumbnailUrl":"http:\/\/www.arisoftchile.com\/blog\/wp-content\/uploads\/licencia-conducir-chile.jpg","datePublished":"2014-07-28T08:40:29+00:00","dateModified":"2015-10-14T15:06:24+00:00","description":"Los alumnos de su escuela de conductores podr\u00e1n estudiar en los computadores los test para la obtenci\u00f3n cualquiera de las licencias de Chile.","breadcrumb":{"@id":"https:\/\/www.arisoftchile.com\/blog\/aritest-profesores-licencias-profesionales-y-licencias-no-profesionales\/#breadcrumb"},"inLanguage":"es","potentialAction":[{"@type":"ReadAction","target":["https:\/\/www.arisoftchile.com\/blog\/aritest-profesores-licencias-profesionales-y-licencias-no-profesionales\/"]}]},{"@type":"ImageObject","inLanguage":"es","@id":"https:\/\/www.arisoftchile.com\/blog\/aritest-profesores-licencias-profesionales-y-licencias-no-profesionales\/#primaryimage","url":"https:\/\/www.arisoftchile.com\/blog\/wp-content\/uploads\/licencia-conducir-chile.jpg","contentUrl":"https:\/\/www.arisoftchile.com\/blog\/wp-content\/uploads\/licencia-conducir-chile.jpg","width":517,"height":888},{"@type":"BreadcrumbList","@id":"https:\/\/www.arisoftchile.com\/blog\/aritest-profesores-licencias-profesionales-y-licencias-no-profesionales\/#breadcrumb","itemListElement":[{"@type":"ListItem","position":1,"name":"Portada","item":"https:\/\/www.arisoftchile.com\/blog\/"},{"@type":"ListItem","position":2,"name":"Aritest Profesores: licencias profesionales y licencias no profesionales"}]},{"@type":"WebSite","@id":"https:\/\/www.arisoftchile.com\/blog\/#website","url":"https:\/\/www.arisoftchile.com\/blog\/","name":"AriSoft Chile - Productos para escuelas de conductores","description":"Editorial de productos para escuelas de conductores","potentialAction":[{"@type":"SearchAction","target":{"@type":"EntryPoint","urlTemplate":"https:\/\/www.arisoftchile.com\/blog\/?s={search_term_string}"},"query-input":{"@type":"PropertyValueSpecification","valueRequired":true,"valueName":"search_term_string"}}],"inLanguage":"es"}]}},"_links":{"self":[{"href":"https:\/\/www.arisoftchile.com\/blog\/wp-json\/wp\/v2\/pages\/834","targetHints":{"allow":["GET"]}}],"collection":[{"href":"https:\/\/www.arisoftchile.com\/blog\/wp-json\/wp\/v2\/pages"}],"about":[{"href":"https:\/\/www.arisoftchile.com\/blog\/wp-json\/wp\/v2\/types\/page"}],"author":[{"embeddable":true,"href":"https:\/\/www.arisoftchile.com\/blog\/wp-json\/wp\/v2\/users\/1"}],"replies":[{"embeddable":true,"href":"https:\/\/www.arisoftchile.com\/blog\/wp-json\/wp\/v2\/comments?post=834"}],"version-history":[{"count":8,"href":"https:\/\/www.arisoftchile.com\/blog\/wp-json\/wp\/v2\/pages\/834\/revisions"}],"predecessor-version":[{"id":1047,"href":"https:\/\/www.arisoftchile.com\/blog\/wp-json\/wp\/v2\/pages\/834\/revisions\/1047"}],"wp:attachment":[{"href":"https:\/\/www.arisoftchile.com\/blog\/wp-json\/wp\/v2\/media?parent=834"}],"curies":[{"name":"wp","href":"https:\/\/api.w.org\/{rel}","templated":true}]}}